{"id":334,"date":"2020-06-16T18:46:13","date_gmt":"2020-06-16T18:46:13","guid":{"rendered":"https:\/\/royalbrokers.ro\/?page_id=334"},"modified":"2020-06-16T18:46:13","modified_gmt":"2020-06-16T18:46:13","slug":"cookie-policy","status":"publish","type":"page","link":"https:\/\/royalbrokers.ro\/index.php\/cookie-policy\/","title":{"rendered":"Cookie Policy"},"content":{"rendered":"\n<p>Politica cu privire la protec\u021bia datelor cu caracter personal pe site-ul ului https:\/\/royalbrokers.ro\/<\/p>\n\n\n\n<p>V\u0103 invit\u0103m s\u0103 v\u0103 informa\u021bi cu privire la politica noastr\u0103 de confiden\u021bialitate care include scopurile noastre cu caracter comercial. Dac\u0103 ave\u021bi alte \u00eentreb\u0103ri suplimentare despre accesarea sau corectarea datelor personale puteti sa contactati responsabilul cu protectia datelor al ROYAL BROKERS S.R.L. la adresa de e-mail dpo@royalbrokers.ro.<\/p>\n\n\n\n<ol><li>NORMATIVE LEGISLATIVE SI SCOPUL COLECTARII DATELOR<\/li><\/ol>\n\n\n\n<p>SC ROYAL BROKERS S.R.L. \u00een calitate de de\u021bin\u0103tor \u0219i operator al site-ului www.refinantari-credite.ro numit \u00een continuare \u201cPROPRIETAR\u201d, se conformeaz\u0103 normativelor regulamentului GDPR (Regulamentul General pentru Protec\u021bia Datelor) \u00een colectarea \u0219i procesarea datelor cu caracter personal de la vizitatorii site-ului mai sus men\u021bionat, numi\u021bi \u00een continuare \u201cUTILIZATORI \/ UTILIZATOR\u201d.<\/p>\n\n\n\n<p>Prin \u201cRegulament\u201d se \u00een\u021belege legea uniform\u0103 la nivel european la care face referire, iar prin date se \u00een\u021beleg datele personale ale utilizatorilor. GDPR trebuie respectat de orice persoan\u0103 juridic\u0103 care comercializeaz\u0103 produse sau servicii persoanelor cet\u0103\u021beni ai Uniunii Europene. Mai multe informa\u021bii despre regulamentul GDPR pute\u021bi afla de pe pagina http:\/\/www.dataprotection.ro\/ sau de pe portalul european https:\/\/www.eugdpr.org\/.<\/p>\n\n\n\n<p>Colectarea \u0219i procesarea datelor cu caracter personal prin intermediul site-ului https:\/\/royalbrokers.ro\/, se realizeaz\u0103 exclusiv \u00een scopurile comerciale stabilite mai jos:<br>\u2013 \u00een vederea comunic\u0103rii unei oferte de creditare cu privire la produse sau servicii prezentate pe site, c\u0103tre utilizatorilor care au solicitat explicit aceast\u0103 ofert\u0103 comercial\u0103 prin intermediul formularelor prezente pe site;<br>\u2013 pentru trimiterea de newslettere \u0219i\/sau alerte periodice, prin e-mail, dar numai cu acordul suplimentar \u0219i explicit pentru aceast\u0103 ac\u021biune;<\/p>\n\n\n\n<ol start=\"2\"><li>DATE CU CARACTER PERSONAL, CONSIMTAMANT, PROCESARE<\/li><\/ol>\n\n\n\n<p>Datele considerate cu caracter personal colectate pe acest site sunt: nume \u0219i\/sau prenume, num\u0103r de telefon, localitate, adres\u0103 de email, adres\u0103 IP. Prin completarea datelor \u00een formulare \u0219i efectuarea ac\u021biunilor de bifare explicit\u0103 a c\u0103su\u0163elor de confirmare, utilizatorul \u015fi-a dat un consim\u0163\u0103m\u00e2nt liber exprimat, informat \u0219i direc\u021bionat c\u0103tre prezenta declara\u021bie de confiden\u021bialitate. Atunci c\u00e2nd se prevede necesitatea acceptului explicit v\u0103 va fi prezentat un buton \/ control care s\u0103 v\u0103 ofere posibilitatea de a v\u0103 exprima acordul sau refuzul \u00een mod corespunz\u0103tor.<br>Consim\u021b\u0103m\u00e2ntul nu este o precondi\u0163ie pentru stabilirea unei rela\u021bii comerciale \u0219i nu creeaz\u0103 nici un fel de obliga\u021bii contractuale.<\/p>\n\n\n\n<ol start=\"3\"><li>UTILIZAREA DATELOR CU CARACTER PERSONAL, CONFIDENTIALITATE<\/li><\/ol>\n\n\n\n<p>Acest site este securizat HTTPS \u00een transferul informa\u021biei dintre server \u0219i utilizatori. Toate formularele incluse \u00een acest site NU stocheaz\u0103 public datele cu caracter personal, ci le transmit prin intermediul serviciilor de email c\u0103tre proprietar. Aceste date transmise prin email, pot fi stocate conform legisla\u021biei \u00een vigoare de ter\u021be p\u0103r\u021bi precum furnizorii de leg\u0103turi internet, re\u021bele locale, g\u0103zduire email. Alte metode de colectare a datelor personale nu mai exist\u0103 \u00een acest site.<\/p>\n\n\n\n<p>Datele cu caracter personal colectate prin intermediul acestui site pot fi stocate \u00een sisteme informatice interne de\u021binute de proprietar \u00een vederea elabor\u0103rii unei oferte comerciale sau pentru \u00eendeplirea unor obliga\u021bii legale \/ contractuale (facturare, urm\u0103rire pl\u0103\u021bi, etc). Proprietarul se oblig\u0103 de a gestiona datele stocate \u00een conditii de siguran\u021b\u0103 \u0219i numai pentru scopurile comerciale specificate.<br>S.C. ROYAL BROKERS S.R.L. poate furniza anumite date cu caracter personal colectate prin intermediul acestui site si altor operatori cum ar fi furnizorilor de servicii bancare cu care se afl\u0103 \u00een rela\u021bii de parteneriat, dar numai \u00een baza unui angajament de confiden\u021bialitate din partea acestora \u0219i numai \u00een scopurile men\u021bionate prin care garanteaz\u0103 c\u0103 aceste date sunt p\u0103strate \u00een siguran\u021b\u0103 \u0219i furnizarea acestor informa\u021bii personale se face conform legisla\u021biei \u00een vigoare.<\/p>\n\n\n\n<ol start=\"4\"><li>STERGERE DATE CU CARACTER PERSONAL<\/li><\/ol>\n\n\n\n<p>Conform Legii nr. 677\/2001 utilizatorul beneficiaz\u0103 de dreptul de acces, interven\u021bie asupra datelor, dreptul de solicita \u0219tergerea tutror datelor cu caracter personal din sisteme informatice interne de\u021binute de proprietar, iar \u00een acest sens v\u0103 pute\u021bi adresa cu o cerere scris\u0103 c\u0103tre Royal Brokers S.R.L.. Fiecare comunicare comercial\u0103 de tip newsletter \u0219i\/sau alert\u0103 periodic\u0103 prin e-mail pentru care utilizatorul \u0219i-a exprimat \u00een prealabil acceptul, este \u00eenso\u021bit\u0103 de posibilitatea explicit\u0103 pentru dezabonare \u0219i \u0219tergerea datelor personale folosite \u00een acest tip de comunicare.<\/p>\n\n\n\n<ol start=\"5\"><li>POLITICA COOKIES<\/li><\/ol>\n\n\n\n<p>\u201cCookie\u201d este denumit un fi\u0219ier text pe care un site \u00eel plaseaz\u0103 pe dispozitivul utilizatorului cu scopul de a colecta informa\u021bii despre activit\u0103\u021bile pe site sau pentru facilitarea anumitor func\u021bii din site. Acest site folose\u0219te cookie-uri de la ter\u021be p\u0103r\u021bi pentru a personaliza con\u021binut \u0219i anun\u021buri, pentru marketing online bazat pe comportamentul vizitatorilor \u0219i pentru a analiza traficul. Prin folosirea cookie-urilor se urm\u0103re\u015fte furnizarea unei experien\u021be c\u00e2t mai bun\u0103 de navigare \u0219i anun\u021buri publicitare adaptate nevoilor \u0219i interesului fiec\u0103rui vizitator.<br>Cookie-urile folosite pe acest site pot proveni de la ter\u021bi furnizori de servicii precum: Google, Facebook.<\/p>\n\n\n\n<p>Cum pute\u021bi controla cookie-urile?<\/p>\n\n\n\n<p>Pute\u021bi controla \u0219i\/sau \u0219terge cookie-urile dup\u0103 cum dori\u021bi \u2013 pentru detalii, consulta\u021bi site-ul aboutcookies.org. Pute\u021bi \u0219terge toate cookie-urile din calculatorul dumneavoastr\u0103 \u0219i pute\u021bi seta majoritatea browser-elor s\u0103 blocheze plasarea acestora. Dac\u0103 face\u021bi acest lucru, este posibil s\u0103 fi\u021bi nevoit s\u0103 seta\u021bi manual unele preferin\u021be, de fiecare dat\u0103 c\u00e2nd vizita\u021bi site-ul. De asemenea, s-ar putea ca unele servicii sau op\u021biuni s\u0103 nu func\u021bioneze.<\/p>\n\n\n\n<ol start=\"6\"><li>MODIFICARI PRIVIND DECLARATIA DE CONFIDENTIALITATE SI A POLITICILOR AFERENTE<\/li><\/ol>\n\n\n\n<p>S.C. ROYAL BROKERS S.R.L. poate schimba declara\u021bia \u0219i politicile de confiden\u021bialitate din c\u00e2nd \u00een c\u00e2nd \u0219i \u00eencurajeaz\u0103 utilizatorii s\u0103 verifice aceast\u0103 pagin\u0103. Continuarea utiliz\u0103rii site-ului https:\/\/royalbrokers.ro\/ dup\u0103 orice modificare \u00een aceasta sectiune va reprezenta acceptul dumneavoastr\u0103 tacit.<\/p>\n","protected":false},"excerpt":{"rendered":"<p>Politica cu privire la protec\u021bia datelor cu caracter personal pe site-ul ului https:\/\/royalbrokers.ro\/ V\u0103 invit\u0103m s\u0103 v\u0103 informa\u021bi cu privire la politica noastr\u0103 de confiden\u021bialitate care include scopurile noastre cu caracter comercial. Dac\u0103 ave\u021bi alte \u00eentreb\u0103ri suplimentare despre accesarea sau corectarea datelor personale puteti sa contactati responsabilul cu protectia datelor al ROYAL BROKERS S.R.L. la [&hellip;]<\/p>\n","protected":false},"author":1,"featured_media":0,"parent":0,"menu_order":0,"comment_status":"closed","ping_status":"closed","template":"","meta":[],"_links":{"self":[{"href":"https:\/\/royalbrokers.ro\/index.php\/wp-json\/wp\/v2\/pages\/334"}],"collection":[{"href":"https:\/\/royalbrokers.ro\/index.php\/wp-json\/wp\/v2\/pages"}],"about":[{"href":"https:\/\/royalbrokers.ro\/index.php\/wp-json\/wp\/v2\/types\/page"}],"author":[{"embeddable":true,"href":"https:\/\/royalbrokers.ro\/index.php\/wp-json\/wp\/v2\/users\/1"}],"replies":[{"embeddable":true,"href":"https:\/\/royalbrokers.ro\/index.php\/wp-json\/wp\/v2\/comments?post=334"}],"version-history":[{"count":1,"href":"https:\/\/royalbrokers.ro\/index.php\/wp-json\/wp\/v2\/pages\/334\/revisions"}],"predecessor-version":[{"id":337,"href":"https:\/\/royalbrokers.ro\/index.php\/wp-json\/wp\/v2\/pages\/334\/revisions\/337"}],"wp:attachment":[{"href":"https:\/\/royalbrokers.ro\/index.php\/wp-json\/wp\/v2\/media?parent=334"}],"curies":[{"name":"wp","href":"https:\/\/api.w.org\/{rel}","templated":true}]}}